{"id":4531,"date":"2024-07-02T16:50:00","date_gmt":"2024-07-02T16:50:00","guid":{"rendered":"https:\/\/www.mid-electronique.com\/?post_type=product&#038;p=4531"},"modified":"2025-04-21T22:38:07","modified_gmt":"2025-04-21T22:38:07","slug":"4531-variateur-sew-eurodrive4531-variateur-sew-eurodrive20514531-variateur-sew-eurodrive-pour-faciliter-vos-demandes-de-devis","status":"publish","type":"product","link":"https:\/\/www.mid-electronique.com\/es\/produit\/4531-variateur-sew-eurodrive4531-variateur-sew-eurodrive20514531-variateur-sew-eurodrive-pour-faciliter-vos-demandes-de-devis","title":{"rendered":"08370184 \/ PROGRAMMATEUR 600-R-R-R-2-1 &#8211; GEFRAN"},"content":{"rendered":"","protected":true},"excerpt":{"rendered":"","protected":true},"featured_media":21061,"template":"","meta":{"om_disable_all_campaigns":false,"_monsterinsights_skip_tracking":false,"_monsterinsights_sitenote_active":false,"_monsterinsights_sitenote_note":"","_monsterinsights_sitenote_category":0,"_uf_show_specific_survey":0,"_uf_disable_surveys":false},"pwb-brand":[35],"product_brand":[],"product_cat":[83],"product_tag":[],"class_list":{"0":"post-4531","1":"product","2":"type-product","3":"status-publish","4":"post-password-required","6":"pwb-brand-gefran","7":"product_cat-programmateur","9":"first","10":"instock","11":"shipping-taxable","12":"product-type-simple"},"yoast_head":"<!-- This site is optimized with the Yoast SEO plugin v27.1.1 - https:\/\/yoast.com\/product\/yoast-seo-wordpress\/ -->\n<title>08370184 \/ PROGRAMMATEUR 600-R-R-R-2-1 - GEFRAN - MID Electronique - R\u00e9parations \u00e9lectroniques industrielles - MCO<\/title>\n<meta name=\"description\" content=\"08370184 \/ PROGRAMMATEUR 600-R-R-R-2-1 - GEFRAN : devis gratuit, d\u00e9lai livraison, dur\u00e9e garantie sur simple demande \u00e0 MID Electronique expert MCO\" \/>\n<meta name=\"robots\" content=\"index, follow, max-snippet:-1, max-image-preview:large, max-video-preview:-1\" \/>\n<link rel=\"canonical\" href=\"https:\/\/www.mid-electronique.com\/es\/produit\/4531-variateur-sew-eurodrive4531-variateur-sew-eurodrive20514531-variateur-sew-eurodrive-pour-faciliter-vos-demandes-de-devis\" \/>\n<meta property=\"og:locale\" content=\"es_ES\" \/>\n<meta property=\"og:type\" content=\"article\" \/>\n<meta property=\"og:title\" content=\"08370184 \/ PROGRAMMATEUR 600-R-R-R-2-1 - GEFRAN - MID Electronique - R\u00e9parations \u00e9lectroniques industrielles - MCO\" \/>\n<meta property=\"og:description\" content=\"08370184 \/ PROGRAMMATEUR 600-R-R-R-2-1 - GEFRAN : devis gratuit, d\u00e9lai livraison, dur\u00e9e garantie sur simple demande \u00e0 MID Electronique expert MCO\" \/>\n<meta property=\"og:url\" content=\"https:\/\/www.mid-electronique.com\/es\/produit\/4531-variateur-sew-eurodrive4531-variateur-sew-eurodrive20514531-variateur-sew-eurodrive-pour-faciliter-vos-demandes-de-devis\" \/>\n<meta property=\"og:site_name\" content=\"MID Electronique - R\u00e9parations \u00e9lectroniques industrielles - MCO\" \/>\n<meta property=\"article:modified_time\" content=\"2025-04-21T22:38:07+00:00\" \/>\n<meta name=\"twitter:card\" content=\"summary_large_image\" \/>\n<script type=\"application\/ld+json\" class=\"yoast-schema-graph\">{\"@context\":\"https:\/\/schema.org\",\"@graph\":[{\"@type\":\"WebPage\",\"@id\":\"https:\/\/www.mid-electronique.com\/es\/produit\/4531-variateur-sew-eurodrive4531-variateur-sew-eurodrive20514531-variateur-sew-eurodrive-pour-faciliter-vos-demandes-de-devis\",\"url\":\"https:\/\/www.mid-electronique.com\/es\/produit\/4531-variateur-sew-eurodrive4531-variateur-sew-eurodrive20514531-variateur-sew-eurodrive-pour-faciliter-vos-demandes-de-devis\",\"name\":\"08370184 \/ PROGRAMMATEUR 600-R-R-R-2-1 - GEFRAN - MID Electronique - R\u00e9parations \u00e9lectroniques industrielles - MCO\",\"isPartOf\":{\"@id\":\"https:\/\/www.mid-electronique.com\/es#website\"},\"datePublished\":\"2024-07-02T16:50:00+00:00\",\"dateModified\":\"2025-04-21T22:38:07+00:00\",\"breadcrumb\":{\"@id\":\"https:\/\/www.mid-electronique.com\/es\/produit\/4531-variateur-sew-eurodrive4531-variateur-sew-eurodrive20514531-variateur-sew-eurodrive-pour-faciliter-vos-demandes-de-devis#breadcrumb\"},\"inLanguage\":\"es\"},{\"@type\":\"WebSite\",\"@id\":\"https:\/\/www.mid-electronique.com\/es#website\",\"url\":\"https:\/\/www.mid-electronique.com\/es\",\"name\":\"MID Electronique - R\u00e9parations \u00e9lectroniques industrielles - MCO\",\"description\":\"\",\"publisher\":{\"@id\":\"https:\/\/www.mid-electronique.com\/es#organization\"},\"potentialAction\":[{\"@type\":\"SearchAction\",\"target\":{\"@type\":\"EntryPoint\",\"urlTemplate\":\"https:\/\/www.mid-electronique.com\/es?s={search_term_string}\"},\"query-input\":{\"@type\":\"PropertyValueSpecification\",\"valueRequired\":true,\"valueName\":\"search_term_string\"}}],\"inLanguage\":\"es\"},{\"@type\":\"Organization\",\"@id\":\"https:\/\/www.mid-electronique.com\/es#organization\",\"name\":\"MID Electronique - R\u00e9parations \u00e9lectroniques industrielles - MCO\",\"url\":\"https:\/\/www.mid-electronique.com\/es\",\"logo\":{\"@type\":\"ImageObject\",\"inLanguage\":\"es\",\"@id\":\"https:\/\/www.mid-electronique.com\/es#\/schema\/logo\/image\/\",\"url\":\"https:\/\/www.mid-electronique.com\/wp-content\/uploads\/2023\/11\/logo-MID-Electronique.png\",\"contentUrl\":\"https:\/\/www.mid-electronique.com\/wp-content\/uploads\/2023\/11\/logo-MID-Electronique.png\",\"width\":300,\"height\":213,\"caption\":\"MID Electronique - R\u00e9parations \u00e9lectroniques industrielles - MCO\"},\"image\":{\"@id\":\"https:\/\/www.mid-electronique.com\/es#\/schema\/logo\/image\/\"},\"sameAs\":[\"https:\/\/fr.linkedin.com\/company\/mid-electronique\"]}]}<\/script>\n<!-- \/ Yoast SEO plugin. -->","yoast_head_json":{"title":"08370184 \/ PROGRAMMATEUR 600-R-R-R-2-1 - GEFRAN - MID Electronique - R\u00e9parations \u00e9lectroniques industrielles - MCO","description":"08370184 \/ PROGRAMMATEUR 600-R-R-R-2-1 - GEFRAN : devis gratuit, d\u00e9lai livraison, dur\u00e9e garantie sur simple demande \u00e0 MID Electronique expert MCO","robots":{"index":"index","follow":"follow","max-snippet":"max-snippet:-1","max-image-preview":"max-image-preview:large","max-video-preview":"max-video-preview:-1"},"canonical":"https:\/\/www.mid-electronique.com\/es\/produit\/4531-variateur-sew-eurodrive4531-variateur-sew-eurodrive20514531-variateur-sew-eurodrive-pour-faciliter-vos-demandes-de-devis","og_locale":"es_ES","og_type":"article","og_title":"08370184 \/ PROGRAMMATEUR 600-R-R-R-2-1 - GEFRAN - MID Electronique - R\u00e9parations \u00e9lectroniques industrielles - MCO","og_description":"08370184 \/ PROGRAMMATEUR 600-R-R-R-2-1 - GEFRAN : devis gratuit, d\u00e9lai livraison, dur\u00e9e garantie sur simple demande \u00e0 MID Electronique expert MCO","og_url":"https:\/\/www.mid-electronique.com\/es\/produit\/4531-variateur-sew-eurodrive4531-variateur-sew-eurodrive20514531-variateur-sew-eurodrive-pour-faciliter-vos-demandes-de-devis","og_site_name":"MID Electronique - R\u00e9parations \u00e9lectroniques industrielles - MCO","article_modified_time":"2025-04-21T22:38:07+00:00","twitter_card":"summary_large_image","schema":{"@context":"https:\/\/schema.org","@graph":[{"@type":"WebPage","@id":"https:\/\/www.mid-electronique.com\/es\/produit\/4531-variateur-sew-eurodrive4531-variateur-sew-eurodrive20514531-variateur-sew-eurodrive-pour-faciliter-vos-demandes-de-devis","url":"https:\/\/www.mid-electronique.com\/es\/produit\/4531-variateur-sew-eurodrive4531-variateur-sew-eurodrive20514531-variateur-sew-eurodrive-pour-faciliter-vos-demandes-de-devis","name":"08370184 \/ PROGRAMMATEUR 600-R-R-R-2-1 - GEFRAN - MID Electronique - R\u00e9parations \u00e9lectroniques industrielles - MCO","isPartOf":{"@id":"https:\/\/www.mid-electronique.com\/es#website"},"datePublished":"2024-07-02T16:50:00+00:00","dateModified":"2025-04-21T22:38:07+00:00","breadcrumb":{"@id":"https:\/\/www.mid-electronique.com\/es\/produit\/4531-variateur-sew-eurodrive4531-variateur-sew-eurodrive20514531-variateur-sew-eurodrive-pour-faciliter-vos-demandes-de-devis#breadcrumb"},"inLanguage":"es"},{"@type":"WebSite","@id":"https:\/\/www.mid-electronique.com\/es#website","url":"https:\/\/www.mid-electronique.com\/es","name":"MID Electronique - R\u00e9parations \u00e9lectroniques industrielles - MCO","description":"","publisher":{"@id":"https:\/\/www.mid-electronique.com\/es#organization"},"potentialAction":[{"@type":"SearchAction","target":{"@type":"EntryPoint","urlTemplate":"https:\/\/www.mid-electronique.com\/es?s={search_term_string}"},"query-input":{"@type":"PropertyValueSpecification","valueRequired":true,"valueName":"search_term_string"}}],"inLanguage":"es"},{"@type":"Organization","@id":"https:\/\/www.mid-electronique.com\/es#organization","name":"MID Electronique - R\u00e9parations \u00e9lectroniques industrielles - MCO","url":"https:\/\/www.mid-electronique.com\/es","logo":{"@type":"ImageObject","inLanguage":"es","@id":"https:\/\/www.mid-electronique.com\/es#\/schema\/logo\/image\/","url":"https:\/\/www.mid-electronique.com\/wp-content\/uploads\/2023\/11\/logo-MID-Electronique.png","contentUrl":"https:\/\/www.mid-electronique.com\/wp-content\/uploads\/2023\/11\/logo-MID-Electronique.png","width":300,"height":213,"caption":"MID Electronique - R\u00e9parations \u00e9lectroniques industrielles - MCO"},"image":{"@id":"https:\/\/www.mid-electronique.com\/es#\/schema\/logo\/image\/"},"sameAs":["https:\/\/fr.linkedin.com\/company\/mid-electronique"]}]}},"brands":[{"id":35,"name":"GEFRAN","slug":"gefran"}],"_links":{"self":[{"href":"https:\/\/www.mid-electronique.com\/es\/wp-json\/wp\/v2\/product\/4531","targetHints":{"allow":["GET"]}}],"collection":[{"href":"https:\/\/www.mid-electronique.com\/es\/wp-json\/wp\/v2\/product"}],"about":[{"href":"https:\/\/www.mid-electronique.com\/es\/wp-json\/wp\/v2\/types\/product"}],"wp:featuredmedia":[{"embeddable":true,"href":"https:\/\/www.mid-electronique.com\/es\/wp-json\/wp\/v2\/media\/21061"}],"wp:attachment":[{"href":"https:\/\/www.mid-electronique.com\/es\/wp-json\/wp\/v2\/media?parent=4531"}],"wp:term":[{"taxonomy":"pwb-brand","embeddable":true,"href":"https:\/\/www.mid-electronique.com\/es\/wp-json\/wp\/v2\/pwb-brand?post=4531"},{"taxonomy":"product_brand","embeddable":true,"href":"https:\/\/www.mid-electronique.com\/es\/wp-json\/wp\/v2\/product_brand?post=4531"},{"taxonomy":"product_cat","embeddable":true,"href":"https:\/\/www.mid-electronique.com\/es\/wp-json\/wp\/v2\/product_cat?post=4531"},{"taxonomy":"product_tag","embeddable":true,"href":"https:\/\/www.mid-electronique.com\/es\/wp-json\/wp\/v2\/product_tag?post=4531"}],"curies":[{"name":"wp","href":"https:\/\/api.w.org\/{rel}","templated":true}]}}