{"id":8704,"date":"2024-03-07T05:28:00","date_gmt":"2024-03-07T05:28:00","guid":{"rendered":"https:\/\/www.mid-electronique.com\/produit\/bloc-dalimentation-th-traffic-elektronik-psu-266-1-th-trafik-electronik-ab-3"},"modified":"2025-04-21T23:17:31","modified_gmt":"2025-04-21T23:17:31","slug":"bloc-dalimentation-th-traffic-elektronik-psu-266-1-th-trafik-electronik-ab-3","status":"publish","type":"product","link":"https:\/\/www.mid-electronique.com\/es\/produit\/bloc-dalimentation-th-traffic-elektronik-psu-266-1-th-trafik-electronik-ab-3","title":{"rendered":"BLOC D&#8217;ALIMENTATION TH TRAFFIC ELEKTRONIK PSU 266-1 TH TRAFIK ELECTRONIK AB"},"content":{"rendered":"<p>BLOC D&#8217;ALIMENTATION TH TRAFFIC ELEKTRONIK PSU 266-1 TH TRAFIK ELECTRONIK AB : pour faciliter vos demandes de devis, si vous avez besoin d\u2019autres \u00e9quipements \u00e9lectroniques, vous pouvez constituer un panier et nous pourrons chiffrer l\u2019ensemble du mat\u00e9riel souhait\u00e9. De plus, si vous avez besoin de r\u00e9paration sur un \u00e9quipement BLOC D&#8217;ALIMENTATION TH TRAFFIC ELEKTRONIK PSU 266-1 TH TRAFIK ELECTRONIK AB, contactez-nous. MID Electronique g\u00e8re l&#8217;obsolescence de ce mat\u00e9riel :BLOC D&#8217;ALIMENTATION TH TRAFFIC ELEKTRONIK PSU 266-1 TH TRAFIK ELECTRONIK AB<\/p>\n","protected":false},"excerpt":{"rendered":"<p>BLOC D&#8217;ALIMENTATION TH TRAFFIC ELEKTRONIK PSU 266-1 TH TRAFIK ELECTRONIK AB : pour obtenir un devis gratuit, le d\u00e9lai livraison, et la dur\u00e9e de garantie, merci de remplir ci-dessous le formulaire Demande de devis. MID Electronique \u00e9tant expert en gestion de l\u2019obsolescence et MCO, contactez-nous pour de la maintenance de BLOC D&#8217;ALIMENTATION TH TRAFFIC ELEKTRONIK PSU 266-1 TH TRAFIK ELECTRONIK AB ou de la r\u00e9paration de BLOC D&#8217;ALIMENTATION TH TRAFFIC ELEKTRONIK PSU 266-1 TH TRAFIK ELECTRONIK AB<\/p>\n","protected":false},"featured_media":21061,"template":"","meta":{"om_disable_all_campaigns":false,"_monsterinsights_skip_tracking":false,"_monsterinsights_sitenote_active":false,"_monsterinsights_sitenote_note":"","_monsterinsights_sitenote_category":0,"_uf_show_specific_survey":0,"_uf_disable_surveys":false},"pwb-brand":[207],"product_brand":[],"product_cat":[82],"product_tag":[],"class_list":{"0":"post-8704","1":"product","2":"type-product","3":"status-publish","4":"has-post-thumbnail","6":"pwb-brand-th-trafik-electronik-ab","7":"product_cat-alimentation","9":"first","10":"instock","11":"shipping-taxable","12":"product-type-simple"},"yoast_head":"<!-- This site is optimized with the Yoast SEO plugin v27.1.1 - https:\/\/yoast.com\/product\/yoast-seo-wordpress\/ -->\n<title>BLOC D&#039;ALIMENTATION TH TRAFFIC ELEKTRONIK PSU 266-1 TH TRAFIK ELECTRONIK AB - MID Electronique - R\u00e9parations \u00e9lectroniques industrielles - MCO<\/title>\n<meta name=\"description\" content=\"BLOC D&#039;ALIMENTATION TH TRAFFIC ELEKTRONIK PSU 266-1 TH TRAFIK ELECTRONIK AB : devis gratuit, d\u00e9lai livraison, dur\u00e9e garantie sur simple demande \u00e0 MID Electronique expert MCO\" \/>\n<meta name=\"robots\" content=\"index, follow, max-snippet:-1, max-image-preview:large, max-video-preview:-1\" \/>\n<link rel=\"canonical\" href=\"https:\/\/www.mid-electronique.com\/es\/produit\/bloc-dalimentation-th-traffic-elektronik-psu-266-1-th-trafik-electronik-ab-3\" \/>\n<meta property=\"og:locale\" content=\"es_ES\" \/>\n<meta property=\"og:type\" content=\"article\" \/>\n<meta property=\"og:title\" content=\"BLOC D&#039;ALIMENTATION TH TRAFFIC ELEKTRONIK PSU 266-1 TH TRAFIK ELECTRONIK AB - MID Electronique - R\u00e9parations \u00e9lectroniques industrielles - MCO\" \/>\n<meta property=\"og:description\" content=\"BLOC D&#039;ALIMENTATION TH TRAFFIC ELEKTRONIK PSU 266-1 TH TRAFIK ELECTRONIK AB : devis gratuit, d\u00e9lai livraison, dur\u00e9e garantie sur simple demande \u00e0 MID Electronique expert MCO\" \/>\n<meta property=\"og:url\" content=\"https:\/\/www.mid-electronique.com\/es\/produit\/bloc-dalimentation-th-traffic-elektronik-psu-266-1-th-trafik-electronik-ab-3\" \/>\n<meta property=\"og:site_name\" content=\"MID Electronique - R\u00e9parations \u00e9lectroniques industrielles - MCO\" \/>\n<meta property=\"article:modified_time\" content=\"2025-04-21T23:17:31+00:00\" \/>\n<meta property=\"og:image\" content=\"https:\/\/www.mid-electronique.com\/wp-content\/uploads\/2023\/11\/logo-MID-Electronique.png\" \/>\n\t<meta property=\"og:image:width\" content=\"300\" \/>\n\t<meta property=\"og:image:height\" content=\"213\" \/>\n\t<meta property=\"og:image:type\" content=\"image\/png\" \/>\n<meta name=\"twitter:card\" content=\"summary_large_image\" \/>\n<script type=\"application\/ld+json\" class=\"yoast-schema-graph\">{\"@context\":\"https:\/\/schema.org\",\"@graph\":[{\"@type\":\"WebPage\",\"@id\":\"https:\/\/www.mid-electronique.com\/es\/produit\/bloc-dalimentation-th-traffic-elektronik-psu-266-1-th-trafik-electronik-ab-3\",\"url\":\"https:\/\/www.mid-electronique.com\/es\/produit\/bloc-dalimentation-th-traffic-elektronik-psu-266-1-th-trafik-electronik-ab-3\",\"name\":\"BLOC D'ALIMENTATION TH TRAFFIC ELEKTRONIK PSU 266-1 TH TRAFIK ELECTRONIK AB - MID Electronique - R\u00e9parations \u00e9lectroniques industrielles - MCO\",\"isPartOf\":{\"@id\":\"https:\/\/www.mid-electronique.com\/es#website\"},\"primaryImageOfPage\":{\"@id\":\"https:\/\/www.mid-electronique.com\/es\/produit\/bloc-dalimentation-th-traffic-elektronik-psu-266-1-th-trafik-electronik-ab-3#primaryimage\"},\"image\":{\"@id\":\"https:\/\/www.mid-electronique.com\/es\/produit\/bloc-dalimentation-th-traffic-elektronik-psu-266-1-th-trafik-electronik-ab-3#primaryimage\"},\"thumbnailUrl\":\"https:\/\/www.mid-electronique.com\/wp-content\/uploads\/2025\/04\/Materiel-electronique-neuf-et-occasion-MID-Electronique.jpg\",\"datePublished\":\"2024-03-07T05:28:00+00:00\",\"dateModified\":\"2025-04-21T23:17:31+00:00\",\"description\":\"BLOC D'ALIMENTATION TH TRAFFIC ELEKTRONIK PSU 266-1 TH TRAFIK ELECTRONIK AB : devis gratuit, d\u00e9lai livraison, dur\u00e9e garantie sur simple demande \u00e0 MID Electronique expert MCO\",\"breadcrumb\":{\"@id\":\"https:\/\/www.mid-electronique.com\/es\/produit\/bloc-dalimentation-th-traffic-elektronik-psu-266-1-th-trafik-electronik-ab-3#breadcrumb\"},\"inLanguage\":\"es\",\"potentialAction\":[{\"@type\":\"ReadAction\",\"target\":[\"https:\/\/www.mid-electronique.com\/es\/produit\/bloc-dalimentation-th-traffic-elektronik-psu-266-1-th-trafik-electronik-ab-3\"]}]},{\"@type\":\"ImageObject\",\"inLanguage\":\"es\",\"@id\":\"https:\/\/www.mid-electronique.com\/es\/produit\/bloc-dalimentation-th-traffic-elektronik-psu-266-1-th-trafik-electronik-ab-3#primaryimage\",\"url\":\"https:\/\/www.mid-electronique.com\/wp-content\/uploads\/2025\/04\/Materiel-electronique-neuf-et-occasion-MID-Electronique.jpg\",\"contentUrl\":\"https:\/\/www.mid-electronique.com\/wp-content\/uploads\/2025\/04\/Materiel-electronique-neuf-et-occasion-MID-Electronique.jpg\",\"width\":800,\"height\":800},{\"@type\":\"BreadcrumbList\",\"@id\":\"https:\/\/www.mid-electronique.com\/es\/produit\/bloc-dalimentation-th-traffic-elektronik-psu-266-1-th-trafik-electronik-ab-3#breadcrumb\",\"itemListElement\":[{\"@type\":\"ListItem\",\"position\":1,\"name\":\"Accueil\",\"item\":\"https:\/\/www.mid-electronique.com\/es\"},{\"@type\":\"ListItem\",\"position\":2,\"name\":\"Boutique\",\"item\":\"https:\/\/www.mid-electronique.com\/boutique\"},{\"@type\":\"ListItem\",\"position\":3,\"name\":\"BLOC D&rsquo;ALIMENTATION TH TRAFFIC ELEKTRONIK PSU 266-1 TH TRAFIK ELECTRONIK AB\"}]},{\"@type\":\"WebSite\",\"@id\":\"https:\/\/www.mid-electronique.com\/es#website\",\"url\":\"https:\/\/www.mid-electronique.com\/es\",\"name\":\"MID Electronique - R\u00e9parations \u00e9lectroniques industrielles - MCO\",\"description\":\"\",\"publisher\":{\"@id\":\"https:\/\/www.mid-electronique.com\/es#organization\"},\"potentialAction\":[{\"@type\":\"SearchAction\",\"target\":{\"@type\":\"EntryPoint\",\"urlTemplate\":\"https:\/\/www.mid-electronique.com\/es?s={search_term_string}\"},\"query-input\":{\"@type\":\"PropertyValueSpecification\",\"valueRequired\":true,\"valueName\":\"search_term_string\"}}],\"inLanguage\":\"es\"},{\"@type\":\"Organization\",\"@id\":\"https:\/\/www.mid-electronique.com\/es#organization\",\"name\":\"MID Electronique - R\u00e9parations \u00e9lectroniques industrielles - MCO\",\"url\":\"https:\/\/www.mid-electronique.com\/es\",\"logo\":{\"@type\":\"ImageObject\",\"inLanguage\":\"es\",\"@id\":\"https:\/\/www.mid-electronique.com\/es#\/schema\/logo\/image\/\",\"url\":\"https:\/\/www.mid-electronique.com\/wp-content\/uploads\/2023\/11\/logo-MID-Electronique.png\",\"contentUrl\":\"https:\/\/www.mid-electronique.com\/wp-content\/uploads\/2023\/11\/logo-MID-Electronique.png\",\"width\":300,\"height\":213,\"caption\":\"MID Electronique - R\u00e9parations \u00e9lectroniques industrielles - MCO\"},\"image\":{\"@id\":\"https:\/\/www.mid-electronique.com\/es#\/schema\/logo\/image\/\"},\"sameAs\":[\"https:\/\/fr.linkedin.com\/company\/mid-electronique\"]}]}<\/script>\n<!-- \/ Yoast SEO plugin. -->","yoast_head_json":{"title":"BLOC D'ALIMENTATION TH TRAFFIC ELEKTRONIK PSU 266-1 TH TRAFIK ELECTRONIK AB - MID Electronique - R\u00e9parations \u00e9lectroniques industrielles - MCO","description":"BLOC D'ALIMENTATION TH TRAFFIC ELEKTRONIK PSU 266-1 TH TRAFIK ELECTRONIK AB : devis gratuit, d\u00e9lai livraison, dur\u00e9e garantie sur simple demande \u00e0 MID Electronique expert MCO","robots":{"index":"index","follow":"follow","max-snippet":"max-snippet:-1","max-image-preview":"max-image-preview:large","max-video-preview":"max-video-preview:-1"},"canonical":"https:\/\/www.mid-electronique.com\/es\/produit\/bloc-dalimentation-th-traffic-elektronik-psu-266-1-th-trafik-electronik-ab-3","og_locale":"es_ES","og_type":"article","og_title":"BLOC D'ALIMENTATION TH TRAFFIC ELEKTRONIK PSU 266-1 TH TRAFIK ELECTRONIK AB - MID Electronique - R\u00e9parations \u00e9lectroniques industrielles - MCO","og_description":"BLOC D'ALIMENTATION TH TRAFFIC ELEKTRONIK PSU 266-1 TH TRAFIK ELECTRONIK AB : devis gratuit, d\u00e9lai livraison, dur\u00e9e garantie sur simple demande \u00e0 MID Electronique expert MCO","og_url":"https:\/\/www.mid-electronique.com\/es\/produit\/bloc-dalimentation-th-traffic-elektronik-psu-266-1-th-trafik-electronik-ab-3","og_site_name":"MID Electronique - R\u00e9parations \u00e9lectroniques industrielles - MCO","article_modified_time":"2025-04-21T23:17:31+00:00","og_image":[{"width":300,"height":213,"url":"https:\/\/www.mid-electronique.com\/wp-content\/uploads\/2023\/11\/logo-MID-Electronique.png","type":"image\/png"}],"twitter_card":"summary_large_image","schema":{"@context":"https:\/\/schema.org","@graph":[{"@type":"WebPage","@id":"https:\/\/www.mid-electronique.com\/es\/produit\/bloc-dalimentation-th-traffic-elektronik-psu-266-1-th-trafik-electronik-ab-3","url":"https:\/\/www.mid-electronique.com\/es\/produit\/bloc-dalimentation-th-traffic-elektronik-psu-266-1-th-trafik-electronik-ab-3","name":"BLOC D'ALIMENTATION TH TRAFFIC ELEKTRONIK PSU 266-1 TH TRAFIK ELECTRONIK AB - MID Electronique - R\u00e9parations \u00e9lectroniques industrielles - MCO","isPartOf":{"@id":"https:\/\/www.mid-electronique.com\/es#website"},"primaryImageOfPage":{"@id":"https:\/\/www.mid-electronique.com\/es\/produit\/bloc-dalimentation-th-traffic-elektronik-psu-266-1-th-trafik-electronik-ab-3#primaryimage"},"image":{"@id":"https:\/\/www.mid-electronique.com\/es\/produit\/bloc-dalimentation-th-traffic-elektronik-psu-266-1-th-trafik-electronik-ab-3#primaryimage"},"thumbnailUrl":"https:\/\/www.mid-electronique.com\/wp-content\/uploads\/2025\/04\/Materiel-electronique-neuf-et-occasion-MID-Electronique.jpg","datePublished":"2024-03-07T05:28:00+00:00","dateModified":"2025-04-21T23:17:31+00:00","description":"BLOC D'ALIMENTATION TH TRAFFIC ELEKTRONIK PSU 266-1 TH TRAFIK ELECTRONIK AB : devis gratuit, d\u00e9lai livraison, dur\u00e9e garantie sur simple demande \u00e0 MID Electronique expert MCO","breadcrumb":{"@id":"https:\/\/www.mid-electronique.com\/es\/produit\/bloc-dalimentation-th-traffic-elektronik-psu-266-1-th-trafik-electronik-ab-3#breadcrumb"},"inLanguage":"es","potentialAction":[{"@type":"ReadAction","target":["https:\/\/www.mid-electronique.com\/es\/produit\/bloc-dalimentation-th-traffic-elektronik-psu-266-1-th-trafik-electronik-ab-3"]}]},{"@type":"ImageObject","inLanguage":"es","@id":"https:\/\/www.mid-electronique.com\/es\/produit\/bloc-dalimentation-th-traffic-elektronik-psu-266-1-th-trafik-electronik-ab-3#primaryimage","url":"https:\/\/www.mid-electronique.com\/wp-content\/uploads\/2025\/04\/Materiel-electronique-neuf-et-occasion-MID-Electronique.jpg","contentUrl":"https:\/\/www.mid-electronique.com\/wp-content\/uploads\/2025\/04\/Materiel-electronique-neuf-et-occasion-MID-Electronique.jpg","width":800,"height":800},{"@type":"BreadcrumbList","@id":"https:\/\/www.mid-electronique.com\/es\/produit\/bloc-dalimentation-th-traffic-elektronik-psu-266-1-th-trafik-electronik-ab-3#breadcrumb","itemListElement":[{"@type":"ListItem","position":1,"name":"Accueil","item":"https:\/\/www.mid-electronique.com\/es"},{"@type":"ListItem","position":2,"name":"Boutique","item":"https:\/\/www.mid-electronique.com\/boutique"},{"@type":"ListItem","position":3,"name":"BLOC D&rsquo;ALIMENTATION TH TRAFFIC ELEKTRONIK PSU 266-1 TH TRAFIK ELECTRONIK AB"}]},{"@type":"WebSite","@id":"https:\/\/www.mid-electronique.com\/es#website","url":"https:\/\/www.mid-electronique.com\/es","name":"MID Electronique - R\u00e9parations \u00e9lectroniques industrielles - MCO","description":"","publisher":{"@id":"https:\/\/www.mid-electronique.com\/es#organization"},"potentialAction":[{"@type":"SearchAction","target":{"@type":"EntryPoint","urlTemplate":"https:\/\/www.mid-electronique.com\/es?s={search_term_string}"},"query-input":{"@type":"PropertyValueSpecification","valueRequired":true,"valueName":"search_term_string"}}],"inLanguage":"es"},{"@type":"Organization","@id":"https:\/\/www.mid-electronique.com\/es#organization","name":"MID Electronique - R\u00e9parations \u00e9lectroniques industrielles - MCO","url":"https:\/\/www.mid-electronique.com\/es","logo":{"@type":"ImageObject","inLanguage":"es","@id":"https:\/\/www.mid-electronique.com\/es#\/schema\/logo\/image\/","url":"https:\/\/www.mid-electronique.com\/wp-content\/uploads\/2023\/11\/logo-MID-Electronique.png","contentUrl":"https:\/\/www.mid-electronique.com\/wp-content\/uploads\/2023\/11\/logo-MID-Electronique.png","width":300,"height":213,"caption":"MID Electronique - R\u00e9parations \u00e9lectroniques industrielles - MCO"},"image":{"@id":"https:\/\/www.mid-electronique.com\/es#\/schema\/logo\/image\/"},"sameAs":["https:\/\/fr.linkedin.com\/company\/mid-electronique"]}]}},"brands":[{"id":207,"name":"TH TRAFIK ELECTRONIK AB","slug":"th-trafik-electronik-ab"}],"_links":{"self":[{"href":"https:\/\/www.mid-electronique.com\/es\/wp-json\/wp\/v2\/product\/8704","targetHints":{"allow":["GET"]}}],"collection":[{"href":"https:\/\/www.mid-electronique.com\/es\/wp-json\/wp\/v2\/product"}],"about":[{"href":"https:\/\/www.mid-electronique.com\/es\/wp-json\/wp\/v2\/types\/product"}],"wp:featuredmedia":[{"embeddable":true,"href":"https:\/\/www.mid-electronique.com\/es\/wp-json\/wp\/v2\/media\/21061"}],"wp:attachment":[{"href":"https:\/\/www.mid-electronique.com\/es\/wp-json\/wp\/v2\/media?parent=8704"}],"wp:term":[{"taxonomy":"pwb-brand","embeddable":true,"href":"https:\/\/www.mid-electronique.com\/es\/wp-json\/wp\/v2\/pwb-brand?post=8704"},{"taxonomy":"product_brand","embeddable":true,"href":"https:\/\/www.mid-electronique.com\/es\/wp-json\/wp\/v2\/product_brand?post=8704"},{"taxonomy":"product_cat","embeddable":true,"href":"https:\/\/www.mid-electronique.com\/es\/wp-json\/wp\/v2\/product_cat?post=8704"},{"taxonomy":"product_tag","embeddable":true,"href":"https:\/\/www.mid-electronique.com\/es\/wp-json\/wp\/v2\/product_tag?post=8704"}],"curies":[{"name":"wp","href":"https:\/\/api.w.org\/{rel}","templated":true}]}}